{"id":180,"date":"2020-06-03T16:05:52","date_gmt":"2020-06-03T16:05:52","guid":{"rendered":"https:\/\/mc2insiste.es\/?page_id=180"},"modified":"2025-06-11T10:06:16","modified_gmt":"2025-06-11T08:06:16","slug":"politique-qualite-et-environnementale","status":"publish","type":"page","link":"https:\/\/mc2insiste.com\/fra\/politica-de-calidad-medioambiente\/","title":{"rendered":"Pol\u00edtica de calidad y medioambiente"},"content":{"rendered":"<div data-elementor-type=\"wp-page\" data-elementor-id=\"180\" class=\"elementor elementor-180\" data-elementor-post-type=\"page\">\n\t\t\t\t\t\t<section class=\"elementor-section elementor-top-section elementor-element elementor-element-2e6dcbcb elementor-section-boxed elementor-section-height-default elementor-section-height-default\" data-id=\"2e6dcbcb\" data-element_type=\"section\" data-e-type=\"section\" data-settings=\"{&quot;jet_parallax_layout_list&quot;:[]}\">\n\t\t\t\t\t\t<div class=\"elementor-container elementor-column-gap-default\">\n\t\t\t\t\t<div class=\"elementor-column elementor-col-100 elementor-top-column elementor-element elementor-element-621efa31\" data-id=\"621efa31\" data-element_type=\"column\" data-e-type=\"column\">\n\t\t\t<div class=\"elementor-widget-wrap elementor-element-populated\">\n\t\t\t\t\t\t<div class=\"elementor-element elementor-element-154a7a48 elementor-widget elementor-widget-spacer\" data-id=\"154a7a48\" data-element_type=\"widget\" data-e-type=\"widget\" data-widget_type=\"spacer.default\">\n\t\t\t\t<div class=\"elementor-widget-container\">\n\t\t\t\t\t\t\t<div class=\"elementor-spacer\">\n\t\t\t<div class=\"elementor-spacer-inner\"><\/div>\n\t\t<\/div>\n\t\t\t\t\t\t<\/div>\n\t\t\t\t<\/div>\n\t\t\t\t\t<\/div>\n\t\t<\/div>\n\t\t\t\t\t<\/div>\n\t\t<\/section>\n\t\t\t\t<section class=\"elementor-section elementor-top-section elementor-element elementor-element-41b4fa30 elementor-section-boxed elementor-section-height-default elementor-section-height-default\" data-id=\"41b4fa30\" data-element_type=\"section\" data-e-type=\"section\" data-settings=\"{&quot;jet_parallax_layout_list&quot;:[]}\">\n\t\t\t\t\t\t<div class=\"elementor-container elementor-column-gap-default\">\n\t\t\t\t\t<div class=\"elementor-column elementor-col-100 elementor-top-column elementor-element elementor-element-2b117397\" data-id=\"2b117397\" data-element_type=\"column\" data-e-type=\"column\">\n\t\t\t<div class=\"elementor-widget-wrap elementor-element-populated\">\n\t\t\t\t\t\t<div class=\"elementor-element elementor-element-18ba6f22 elementor-widget elementor-widget-heading\" data-id=\"18ba6f22\" data-element_type=\"widget\" data-e-type=\"widget\" data-widget_type=\"heading.default\">\n\t\t\t\t<div class=\"elementor-widget-container\">\n\t\t\t\t\t<h2 class=\"elementor-heading-title elementor-size-default\">POL\u00cdTICA DE CALIDAD Y MEDIO AMBIENTE<\/h2>\t\t\t\t<\/div>\n\t\t\t\t<\/div>\n\t\t\t\t\t<\/div>\n\t\t<\/div>\n\t\t\t\t\t<\/div>\n\t\t<\/section>\n\t\t\t\t<section class=\"elementor-section elementor-top-section elementor-element elementor-element-756470e4 elementor-section-boxed elementor-section-height-default elementor-section-height-default\" data-id=\"756470e4\" data-element_type=\"section\" data-e-type=\"section\" data-settings=\"{&quot;jet_parallax_layout_list&quot;:[]}\">\n\t\t\t\t\t\t<div class=\"elementor-container elementor-column-gap-default\">\n\t\t\t\t\t<div class=\"elementor-column elementor-col-33 elementor-top-column elementor-element elementor-element-492bff38\" data-id=\"492bff38\" data-element_type=\"column\" data-e-type=\"column\">\n\t\t\t<div class=\"elementor-widget-wrap elementor-element-populated\">\n\t\t\t\t\t\t<div class=\"elementor-element elementor-element-254b780a elementor-widget elementor-widget-image\" data-id=\"254b780a\" data-element_type=\"widget\" data-e-type=\"widget\" data-widget_type=\"image.default\">\n\t\t\t\t<div class=\"elementor-widget-container\">\n\t\t\t\t\t\t\t\t\t\t\t\t\t\t\t\t<a href=\"https:\/\/mc2insiste.com\/wp-content\/uploads\/2022\/07\/9562-E-MC2-Ingenieria-y-Sistemas-SL-9001_2015-2021-07.pdf\" target=\"_blank\">\n\t\t\t\t\t\t\t<img fetchpriority=\"high\" decoding=\"async\" width=\"222\" height=\"280\" src=\"https:\/\/mc2insiste.com\/wp-content\/uploads\/2020\/06\/calidad1.jpg\" class=\"attachment-large size-large wp-image-53\" alt=\"\" \/>\t\t\t\t\t\t\t\t<\/a>\n\t\t\t\t\t\t\t\t\t\t\t\t\t\t\t<\/div>\n\t\t\t\t<\/div>\n\t\t\t\t\t<\/div>\n\t\t<\/div>\n\t\t\t\t<div class=\"elementor-column elementor-col-33 elementor-top-column elementor-element elementor-element-666100b9\" data-id=\"666100b9\" data-element_type=\"column\" data-e-type=\"column\">\n\t\t\t<div class=\"elementor-widget-wrap elementor-element-populated\">\n\t\t\t\t\t\t<div class=\"elementor-element elementor-element-7c8ab9e3 elementor-widget elementor-widget-image\" data-id=\"7c8ab9e3\" data-element_type=\"widget\" data-e-type=\"widget\" data-widget_type=\"image.default\">\n\t\t\t\t<div class=\"elementor-widget-container\">\n\t\t\t\t\t\t\t\t\t\t\t\t\t\t\t\t<a href=\"https:\/\/mc2insiste.com\/wp-content\/uploads\/2022\/07\/9562-E-MC2-Ingenieria-y-Sistemas-SL-9100_2018-2021-07-1.pdf\" target=\"_blank\">\n\t\t\t\t\t\t\t<img decoding=\"async\" width=\"222\" height=\"280\" src=\"https:\/\/mc2insiste.com\/wp-content\/uploads\/2020\/06\/calidad2.jpg\" class=\"attachment-large size-large wp-image-54\" alt=\"\" \/>\t\t\t\t\t\t\t\t<\/a>\n\t\t\t\t\t\t\t\t\t\t\t\t\t\t\t<\/div>\n\t\t\t\t<\/div>\n\t\t\t\t\t<\/div>\n\t\t<\/div>\n\t\t\t\t<div class=\"elementor-column elementor-col-33 elementor-top-column elementor-element elementor-element-19664463\" data-id=\"19664463\" data-element_type=\"column\" data-e-type=\"column\">\n\t\t\t<div class=\"elementor-widget-wrap elementor-element-populated\">\n\t\t\t\t\t\t<div class=\"elementor-element elementor-element-27677d71 elementor-widget elementor-widget-image\" data-id=\"27677d71\" data-element_type=\"widget\" data-e-type=\"widget\" data-widget_type=\"image.default\">\n\t\t\t\t<div class=\"elementor-widget-container\">\n\t\t\t\t\t\t\t\t\t\t\t\t\t\t\t\t<a href=\"https:\/\/mc2insiste.com\/wp-content\/uploads\/2022\/07\/9562-E-MC2-Ingenieria-y-Sistemas-SL14001_2015-2021-07-1.pdf\" target=\"_blank\">\n\t\t\t\t\t\t\t<img decoding=\"async\" width=\"222\" height=\"280\" src=\"https:\/\/mc2insiste.com\/wp-content\/uploads\/2020\/06\/calidad3.jpg\" class=\"attachment-large size-large wp-image-55\" alt=\"\" \/>\t\t\t\t\t\t\t\t<\/a>\n\t\t\t\t\t\t\t\t\t\t\t\t\t\t\t<\/div>\n\t\t\t\t<\/div>\n\t\t\t\t\t<\/div>\n\t\t<\/div>\n\t\t\t\t\t<\/div>\n\t\t<\/section>\n\t\t\t\t<section class=\"elementor-section elementor-top-section elementor-element elementor-element-7c15dfd1 elementor-section-boxed elementor-section-height-default elementor-section-height-default\" data-id=\"7c15dfd1\" data-element_type=\"section\" data-e-type=\"section\" data-settings=\"{&quot;jet_parallax_layout_list&quot;:[]}\">\n\t\t\t\t\t\t<div class=\"elementor-container elementor-column-gap-default\">\n\t\t\t\t\t<div class=\"elementor-column elementor-col-33 elementor-top-column elementor-element elementor-element-1ad317d5\" data-id=\"1ad317d5\" data-element_type=\"column\" data-e-type=\"column\">\n\t\t\t<div class=\"elementor-widget-wrap elementor-element-populated\">\n\t\t\t\t\t\t<div class=\"elementor-element elementor-element-229785fe elementor-widget elementor-widget-text-editor\" data-id=\"229785fe\" data-element_type=\"widget\" data-e-type=\"widget\" data-widget_type=\"text-editor.default\">\n\t\t\t\t<div class=\"elementor-widget-container\">\n\t\t\t\t\t\t\t\t\t<p><strong>MC2 INGENIER\u00cdA Y SISTEMAS, S.L.<\/strong> como empresa dedicada al <strong>Estudio, Asesoramiento, Prestaci\u00f3n de Servicios, Dise\u00f1o, Desarrollo, Llave en mano, Direcci\u00f3n de Obra, Suministro, Puesta en Marcha, Mantenimiento y Servicio Postventa de Maquinaria, Equipos e Instalaciones Industriales, Aeron\u00e1uticas, Teatrales, Agr\u00edcolas y de Servicios<\/strong>, asume el principio de la mejora continua como herramienta fundamental para garantizar la plena satisfacci\u00f3n del cliente y otras partes interesadas logrando, de este modo, incrementar su nivel de eficiencia y competitividad.<\/p><p><strong>Nuestra misi\u00f3n estrat\u00e9gica<\/strong> es dise\u00f1ar y gestionar la fabricaci\u00f3n de propios productos con la mayor calidad existente en el mercado a trav\u00e9s de la vocaci\u00f3n cient\u00edfica y tecnol\u00f3gica que constituye la raz\u00f3n de ser de MC2 y que debe impregnar todas las actividades, de forma que la exactitud y la claridad est\u00e9n siempre presentes en las acciones como empresa y como individuos.<\/p><p>La Direcci\u00f3n de MC2 asume como m\u00e9todo de alcanzar la plena satisfacci\u00f3n del cliente y otras partes interesadas el establecimiento de un Sistema de Gesti\u00f3n Integrado de Calidad y Medio Ambiente basado en las Normas UNE-EN ISO 9001:2015, EN 9100:2018 y UNE-EN ISO 14001:2015\u00a0a trav\u00e9s del cual se de cumplimiento a los Objetivos de Gesti\u00f3n marcados que acercar\u00e1n a la organizaci\u00f3n a las metas establecidas.<\/p><p>En virtud de lo anterior, la Direcci\u00f3n de MC2 se compromete a <strong>promulgar e implementar objetivos de gesti\u00f3n<\/strong> que mejoren los procesos de trabajo garantizando <strong>el cumplimiento de los requisitos legales, reglamentarios y de nuestras partes interesadas, la protecci\u00f3n del medio ambiente, incluida la prevenci\u00f3n de la contaminaci\u00f3n<\/strong>; mediante el control de los aspectos ambientales asociados, y responda a las necesidades de sus <strong>partes interesadas<\/strong> y a cualquier otro tipo de requerimiento que la empresa asuma.<\/p>\t\t\t\t\t\t\t\t<\/div>\n\t\t\t\t<\/div>\n\t\t\t\t\t<\/div>\n\t\t<\/div>\n\t\t\t\t<div class=\"elementor-column elementor-col-33 elementor-top-column elementor-element elementor-element-2413db6c\" data-id=\"2413db6c\" data-element_type=\"column\" data-e-type=\"column\">\n\t\t\t<div class=\"elementor-widget-wrap elementor-element-populated\">\n\t\t\t\t\t\t<div class=\"elementor-element elementor-element-12f83584 elementor-widget elementor-widget-text-editor\" data-id=\"12f83584\" data-element_type=\"widget\" data-e-type=\"widget\" data-widget_type=\"text-editor.default\">\n\t\t\t\t<div class=\"elementor-widget-container\">\n\t\t\t\t\t\t\t\t\t<p>Para todo lo expuesto la organizaci\u00f3n tomar\u00e1 las medidas necesarias para que:<\/p><ul><li>El personal de <strong>MC2<\/strong> est\u00e9 adecuadamente formado para las labores asignadas por la empresa. Se garantizar\u00e1 la <strong>competencia t\u00e9cnica del personal<\/strong> mediante la formaci\u00f3n continua del mismo en aquellas materias que intervengan en la consecuci\u00f3n de las metas marcadas.<\/li><li><strong>MC2<\/strong> garantizar\u00e1 el cumplimiento de todos los <strong>requisitos exigibles a los productos y servicios<\/strong> mediante el control de las compras a proveedores, evaluando a \u00e9stos en funci\u00f3n de los requisitos de calidad exigidos y de los criterios de empresa y cliente.<\/li><li>Se establecer\u00e1n procedimientos que aseguren el <strong>control de los aspectos ambientales<\/strong> reduciendo la contaminaci\u00f3n generada por la actividad, garantizando el aumento de la eficiencia del consumo de<br \/>recursos en virtud de la actividad realizada.<\/li><li>Se establecer\u00e1n <strong>canales de comunicaci\u00f3n<\/strong> con clientes para el seguimiento de la calidad de los productos finales de forma que el principio de mejora continua se aplique antes, durante y despu\u00e9s de los procesos productivos de la organizaci\u00f3n contribuyendo con ello a la mejora continua de los productos y servicios ofrecidos por <strong>MC2.<\/strong><\/li><li><strong>MC2<\/strong> establecer\u00e1 un plan de autocontrol, <strong>evaluaci\u00f3n de riesgos<\/strong>, revisi\u00f3n de procesos y resultados y as\u00ed como de correcci\u00f3n de desviaciones detectadas mediante auditor\u00edas internas que den como<br \/>resultado el establecimiento de acciones que garanticen los objetivos marcados y los criterios de calidad asumidos por la empresa.<\/li><\/ul>\t\t\t\t\t\t\t\t<\/div>\n\t\t\t\t<\/div>\n\t\t\t\t\t<\/div>\n\t\t<\/div>\n\t\t\t\t<div class=\"elementor-column elementor-col-33 elementor-top-column elementor-element elementor-element-267146e7\" data-id=\"267146e7\" data-element_type=\"column\" data-e-type=\"column\">\n\t\t\t<div class=\"elementor-widget-wrap elementor-element-populated\">\n\t\t\t\t\t\t<div class=\"elementor-element elementor-element-6fd16538 elementor-widget elementor-widget-text-editor\" data-id=\"6fd16538\" data-element_type=\"widget\" data-e-type=\"widget\" data-widget_type=\"text-editor.default\">\n\t\t\t\t<div class=\"elementor-widget-container\">\n\t\t\t\t\t\t\t\t\t<p>La Direcci\u00f3n asume esta Pol\u00edtica como compromiso de <strong>MC2<\/strong> hacia sus clientes y con el resto de sus partes interesadas en virtud de la consecuci\u00f3n de las metas y <span style=\"text-decoration: underline;\"><strong>el compromiso de mejora continua<\/strong><\/span> en su actividad.<\/p><p><br \/>La Direcci\u00f3n y Personal de <strong>MC2<\/strong> est\u00e1 incondicionalmente volcados en la aventura que supone la implantaci\u00f3n y mejora del sistema, ya que su \u00e9xito como equipo depender\u00e1 del grado en que todos y cada uno se implique con el mismo.<\/p>\t\t\t\t\t\t\t\t<\/div>\n\t\t\t\t<\/div>\n\t\t\t\t<section class=\"elementor-section elementor-inner-section elementor-element elementor-element-320fa785 elementor-section-boxed elementor-section-height-default elementor-section-height-default\" data-id=\"320fa785\" data-element_type=\"section\" data-e-type=\"section\" data-settings=\"{&quot;background_background&quot;:&quot;gradient&quot;,&quot;jet_parallax_layout_list&quot;:[]}\">\n\t\t\t\t\t\t\t<div class=\"elementor-background-overlay\"><\/div>\n\t\t\t\t\t\t\t<div class=\"elementor-container elementor-column-gap-default\">\n\t\t\t\t\t<div class=\"elementor-column elementor-col-100 elementor-inner-column elementor-element elementor-element-2a54d5d6\" data-id=\"2a54d5d6\" data-element_type=\"column\" data-e-type=\"column\">\n\t\t\t<div class=\"elementor-widget-wrap elementor-element-populated\">\n\t\t\t\t\t\t<div class=\"elementor-element elementor-element-55b98f56 elementor-widget elementor-widget-image\" data-id=\"55b98f56\" data-element_type=\"widget\" data-e-type=\"widget\" data-widget_type=\"image.default\">\n\t\t\t\t<div class=\"elementor-widget-container\">\n\t\t\t\t\t\t\t\t\t\t\t\t\t\t\t<img decoding=\"async\" src=\"https:\/\/mc2insiste.com\/wp-content\/uploads\/elementor\/thumbs\/icono_nature-p426tgrom6ontklcfmf01wkh8ls111dv8e7xosnxwc.png\" title=\"icono_nature.png\" alt=\"icono_nature.png\" loading=\"lazy\" \/>\t\t\t\t\t\t\t\t\t\t\t\t\t\t\t<\/div>\n\t\t\t\t<\/div>\n\t\t\t\t<div class=\"elementor-element elementor-element-6f2ea310 elementor-widget elementor-widget-text-editor\" data-id=\"6f2ea310\" data-element_type=\"widget\" data-e-type=\"widget\" data-widget_type=\"text-editor.default\">\n\t\t\t\t<div class=\"elementor-widget-container\">\n\t\t\t\t\t\t\t\t\t<p>MC2 ha logrado reducir durante 2024:<\/p><p>Un 65,26% en la generaci\u00f3n de papel y la eliminaci\u00f3n completa de la generaci\u00f3n de t\u00f3ner, lo que contribuye a una menor demanda de recursos naturales y reduce nuestros residuos.\u00a0<\/p><p>Adem\u00e1s, el consumo de agua ha disminuido un 13,67%, lo que refleja nuestro compromiso con la conservaci\u00f3n de este recurso esencial.\u00a0<\/p><p>Tambi\u00e9n hemos logrado una reducci\u00f3n del 36,25% en el consumo de papel, apoyando la disminuci\u00f3n de la deforestaci\u00f3n y promoviendo la econom\u00eda circular.\u00a0<\/p><p>Estos esfuerzos, junto con una reducci\u00f3n del 2,84% en las emisiones de gases y el consumo de combustible, subrayan nuestro compromiso con la sostenibilidad y la reducci\u00f3n de nuestra huella ambiental.\u00a0<\/p><p>Para el 2025 se pretende reducir el consumo de energ\u00eda el\u00e9ctrica en nuestras instalaciones<\/p>\t\t\t\t\t\t\t\t<\/div>\n\t\t\t\t<\/div>\n\t\t\t\t\t<\/div>\n\t\t<\/div>\n\t\t\t\t\t<\/div>\n\t\t<\/section>\n\t\t\t\t\t<\/div>\n\t\t<\/div>\n\t\t\t\t\t<\/div>\n\t\t<\/section>\n\t\t\t\t<\/div>","protected":false},"excerpt":{"rendered":"<p>POL\u00cdTICA DE CALIDAD Y MEDIO AMBIENTE MC2 INGENIER\u00cdA Y SISTEMAS, S.L. como empresa dedicada al Estudio, Asesoramiento, Prestaci\u00f3n de Servicios, Dise\u00f1o, Desarrollo, Llave en mano, Direcci\u00f3n de Obra, Suministro, Puesta en Marcha, Mantenimiento y Servicio Postventa de Maquinaria, Equipos e Instalaciones Industriales, Aeron\u00e1uticas, Teatrales, Agr\u00edcolas y de Servicios, asume el principio de la mejora continua [&hellip;]<\/p>\n","protected":false},"author":4,"featured_media":0,"parent":0,"menu_order":0,"comment_status":"closed","ping_status":"closed","template":"","meta":{"footnotes":""},"class_list":["post-180","page","type-page","status-publish","hentry"],"_links":{"self":[{"href":"https:\/\/mc2insiste.com\/fra\/wp-json\/wp\/v2\/pages\/180","targetHints":{"allow":["GET"]}}],"collection":[{"href":"https:\/\/mc2insiste.com\/fra\/wp-json\/wp\/v2\/pages"}],"about":[{"href":"https:\/\/mc2insiste.com\/fra\/wp-json\/wp\/v2\/types\/page"}],"author":[{"embeddable":true,"href":"https:\/\/mc2insiste.com\/fra\/wp-json\/wp\/v2\/users\/4"}],"replies":[{"embeddable":true,"href":"https:\/\/mc2insiste.com\/fra\/wp-json\/wp\/v2\/comments?post=180"}],"version-history":[{"count":28,"href":"https:\/\/mc2insiste.com\/fra\/wp-json\/wp\/v2\/pages\/180\/revisions"}],"predecessor-version":[{"id":1162,"href":"https:\/\/mc2insiste.com\/fra\/wp-json\/wp\/v2\/pages\/180\/revisions\/1162"}],"wp:attachment":[{"href":"https:\/\/mc2insiste.com\/fra\/wp-json\/wp\/v2\/media?parent=180"}],"curies":[{"name":"wp","href":"https:\/\/api.w.org\/{rel}","templated":true}]}}